{"id":1483,"date":"2022-04-07T12:10:14","date_gmt":"2022-04-07T10:10:14","guid":{"rendered":"https:\/\/med4com.at\/?page_id=1483"},"modified":"2022-04-07T12:15:35","modified_gmt":"2022-04-07T10:15:35","slug":"veronika-bruckner-3","status":"publish","type":"page","link":"https:\/\/med4com.at\/en\/veronika-bruckner-3\/","title":{"rendered":"Veronika Bruckner"},"content":{"rendered":"<div class=\"fusion-fullwidth fullwidth-box fusion-builder-row-1 fusion-flex-container nonhundred-percent-fullwidth non-hundred-percent-height-scrolling\" style=\"background-color: rgba(255,255,255,0);background-position: center center;background-repeat: no-repeat;border-width: 0px 0px 0px 0px;border-color:#eae9e9;border-style:solid;\" ><div class=\"fusion-builder-row fusion-row fusion-flex-align-items-flex-start\" style=\"max-width:1144px;margin-left: calc(-4% \/ 2 );margin-right: calc(-4% \/ 2 );\"><div class=\"fusion-layout-column fusion_builder_column fusion-builder-column-0 fusion_builder_column_1_2 1_2 fusion-flex-column\"><div class=\"fusion-column-wrapper fusion-flex-justify-content-flex-start fusion-content-layout-column\" style=\"background-position:left top;background-repeat:no-repeat;-webkit-background-size:cover;-moz-background-size:cover;-o-background-size:cover;background-size:cover;padding: 0px 0px 0px 0px;\"><div ><span class=\" fusion-imageframe imageframe-none imageframe-1 hover-type-none\"><img decoding=\"async\" width=\"1000\" height=\"1000\" title=\"Veronika-Bruckner\" src=\"https:\/\/med4com.at\/wp-content\/uploads\/2022\/04\/Veronika-Bruckner-1.jpg\" data-orig-src=\"https:\/\/med4com.at\/wp-content\/uploads\/2022\/04\/Veronika-Bruckner-1.jpg\" alt class=\"lazyload img-responsive wp-image-1672\" srcset=\"data:image\/svg+xml,%3Csvg%20xmlns%3D%27http%3A%2F%2Fwww.w3.org%2F2000%2Fsvg%27%20width%3D%271000%27%20height%3D%271000%27%20viewBox%3D%270%200%201000%201000%27%3E%3Crect%20width%3D%271000%27%20height%3D%271000%27%20fill-opacity%3D%220%22%2F%3E%3C%2Fsvg%3E\" data-srcset=\"https:\/\/med4com.at\/wp-content\/uploads\/2022\/04\/Veronika-Bruckner-1-200x200.jpg 200w, https:\/\/med4com.at\/wp-content\/uploads\/2022\/04\/Veronika-Bruckner-1-400x400.jpg 400w, https:\/\/med4com.at\/wp-content\/uploads\/2022\/04\/Veronika-Bruckner-1-600x600.jpg 600w, https:\/\/med4com.at\/wp-content\/uploads\/2022\/04\/Veronika-Bruckner-1-800x800.jpg 800w, https:\/\/med4com.at\/wp-content\/uploads\/2022\/04\/Veronika-Bruckner-1.jpg 1000w\" data-sizes=\"auto\" data-orig-sizes=\"(max-width: 1280px) 100vw, (max-width: 780px) 100vw, 600px\" \/><\/span><\/div><div class=\"fusion-text fusion-text-1\" style=\"margin-top:15px;\"><p>Tel.: <a href=\"tel:06504215910\">0650\/4215910<\/a><br \/><a href=\"https:\/\/www.osteopathie-bruckner.at\/?page_id=115\">https:\/\/www.osteopathie-bruckner.at\/?page_id=115<\/a><\/p>\n<\/div><\/div><style type=\"text\/css\">.fusion-body .fusion-builder-column-0{width:50% !important;margin-top : 0px;margin-bottom : 20px;}.fusion-builder-column-0 > .fusion-column-wrapper {padding-top : 0px !important;padding-right : 0px !important;margin-right : 3.84%;padding-bottom : 0px !important;padding-left : 0px !important;margin-left : 3.84%;}@media only screen and (max-width:1280px) {.fusion-body .fusion-builder-column-0{width:100% !important;order : 0;}.fusion-builder-column-0 > .fusion-column-wrapper {margin-right : 1.92%;margin-left : 1.92%;}}@media only screen and (max-width:780px) {.fusion-body .fusion-builder-column-0{width:100% !important;order : 0;}.fusion-builder-column-0 > .fusion-column-wrapper {margin-right : 1.92%;margin-left : 1.92%;}}<\/style><\/div><div class=\"fusion-layout-column fusion_builder_column fusion-builder-column-1 fusion_builder_column_1_2 1_2 fusion-flex-column\"><div class=\"fusion-column-wrapper fusion-flex-justify-content-flex-start fusion-content-layout-column\" style=\"background-position:left top;background-repeat:no-repeat;-webkit-background-size:cover;-moz-background-size:cover;-o-background-size:cover;background-size:cover;padding: 0px 0px 0px 0px;\"><style type=\"text\/css\">@media only screen and (max-width:1280px) {.fusion-title.fusion-title-1{margin-top:0px!important; margin-right:0px!important;margin-bottom:0px!important;margin-left:0px!important;}}@media only screen and (max-width:780px) {.fusion-title.fusion-title-1{margin-top:0px!important; margin-right:0px!important;margin-bottom:20px!important; margin-left:0px!important;}}<\/style><div class=\"fusion-title title fusion-title-1 fusion-title-text fusion-title-size-three\" style=\"margin-top:0px;margin-right:0px;margin-bottom:0px;margin-left:0px;\"><div class=\"title-sep-container title-sep-container-left fusion-no-large-visibility fusion-no-medium-visibility fusion-no-small-visibility\"><div class=\"title-sep sep-\" style=\"border-color:#eff3f9;\"><\/div><\/div><span class=\"awb-title-spacer fusion-no-large-visibility fusion-no-medium-visibility fusion-no-small-visibility\"><\/span><h3 class=\"title-heading-left fusion-responsive-typography-calculated\" style=\"margin:0;color:var(--awb-color1);--fontSize:36;line-height:1.17;\">Schwerpunkte:<\/h3><span class=\"awb-title-spacer\"><\/span><div class=\"title-sep-container title-sep-container-right\"><div class=\"title-sep sep-\" style=\"border-color:#eff3f9;\"><\/div><\/div><\/div><div class=\"fusion-text fusion-text-2\"><ul>\n<li>muskul\u00e4r bedingten Verspannungen des Kehlkopfes und des Zungenbeines und der Zunge<\/li>\n<li>funktionelle Dysphonie<\/li>\n<li>Heiserkeit<\/li>\n<li>\u201eKlo\u00df im Hals\u201c<\/li>\n<li>Schluckst\u00f6rungen<\/li>\n<li>Verklebungen von Narbengewebe (zb. Nach Schilddr\u00fc\u00dfen OP)<\/li>\n<li>haltungsbedingter Atemschw\u00e4che<\/li>\n<li>Schwindel<\/li>\n<li>Verschleimung von Nasennebenh\u00f6hlen\/Stirnh\u00f6hle<\/li>\n<li>Kieferfehlstellungen, Craniomandibul\u00e4rer Dysfunktion<\/li>\n<li>Tinnitus\/Ohrensausen<\/li>\n<li>Halwirbels\u00e4ule bzw. ges.Wirbels\u00e4ule<\/li>\n<\/ul>\n<\/div><\/div><style type=\"text\/css\">.fusion-body .fusion-builder-column-1{width:50% !important;margin-top : 0px;margin-bottom : 20px;}.fusion-builder-column-1 > .fusion-column-wrapper {padding-top : 0px !important;padding-right : 0px !important;margin-right : 3.84%;padding-bottom : 0px !important;padding-left : 0px !important;margin-left : 3.84%;}@media only screen and (max-width:1280px) {.fusion-body .fusion-builder-column-1{width:100% !important;order : 0;}.fusion-builder-column-1 > .fusion-column-wrapper {margin-right : 1.92%;margin-left : 1.92%;}}@media only screen and (max-width:780px) {.fusion-body .fusion-builder-column-1{width:100% !important;order : 0;}.fusion-builder-column-1 > .fusion-column-wrapper {margin-right : 1.92%;margin-left : 1.92%;}}<\/style><\/div><div class=\"fusion-layout-column fusion_builder_column fusion-builder-column-2 fusion_builder_column_1_1 1_1 fusion-flex-column\"><div class=\"fusion-column-wrapper fusion-flex-justify-content-flex-start fusion-content-layout-column\" style=\"background-position:left top;background-repeat:no-repeat;-webkit-background-size:cover;-moz-background-size:cover;-o-background-size:cover;background-size:cover;padding: 0px 0px 0px 0px;\"><style type=\"text\/css\">@media only screen and (max-width:1280px) {.fusion-title.fusion-title-2{margin-top:0px!important; margin-right:0px!important;margin-bottom:31px!important;margin-left:0px!important;}}@media only screen and (max-width:780px) {.fusion-title.fusion-title-2{margin-top:0px!important; margin-right:0px!important;margin-bottom:20px!important; margin-left:0px!important;}}<\/style><div class=\"fusion-title title fusion-title-2 fusion-title-text fusion-title-size-three\" style=\"margin-top:0px;margin-right:0px;margin-bottom:31px;margin-left:0px;\"><div class=\"title-sep-container title-sep-container-left fusion-no-large-visibility fusion-no-medium-visibility fusion-no-small-visibility\"><div class=\"title-sep sep-\" style=\"border-color:#eff3f9;\"><\/div><\/div><span class=\"awb-title-spacer fusion-no-large-visibility fusion-no-medium-visibility fusion-no-small-visibility\"><\/span><h3 class=\"title-heading-left fusion-responsive-typography-calculated\" style=\"margin:0;color:var(--awb-color5);--fontSize:36;line-height:1.17;\">Wenn Osteopathie zur Stimme kommt:<\/h3><span class=\"awb-title-spacer\"><\/span><div class=\"title-sep-container title-sep-container-right\"><div class=\"title-sep sep-\" style=\"border-color:#eff3f9;\"><\/div><\/div><\/div><div class=\"fusion-text fusion-text-3\"><p>Mein therapeutischer Werdegang begann mit der Ausbildung zur Physiotherapeutin am Wiener AKH von 2005-2008. Mein Interesse, die Ursache von k\u00f6rperlichen Beschwerden und Krankheiten zu verstehen, f\u00fchrte mich 2009 weiter an die Wiener Schule f\u00fcr Osteopathie. Dort absolvierte ich bereits 5 Jahre des berufsbegleitenden Studiums.<br \/>\nAuf der Suche nach einem Netzwerk und interdisziplin\u00e4rer Zusammenarbeit besuchte ich Fortbildungskurse in der Zahnmedizin und spezialisierte mich auf den Bereich Mund, Kiefer und Gesicht. Ein gl\u00fccklicher Zufall f\u00fchrte zu einem Zusammentreffen mit Univ.Prof. Dr. Berit Schneider-Stickler und Katharina Klavac Bsc,Msc. (oder Spezialistinnen der HNO und Logop\u00e4die) Dadurch entfachte mein Interesse an der Stimmtherapie und ich erlernte die Techniken der laryngealen Manipulation nach Jacob Lieberman in Hamburg. Besuchte Kurse f\u00fcr Stimm und Sprachtechnik . Fortlaufend begleiten mich Kurse in Yoga, Meditation und Achtsamkeitstraining (MBSR).<\/p>\n<p>Mein gro\u00dfes Interesse galt schon immer der bewussten Atmung und ihrer Auswirkung auf den K\u00f6rper und die Psyche. Hier schloss sich f\u00fcr mich der Kreis. Die Hinwendung zur Stimmtherapie aus osteopathischer Sicht erf\u00fcllt mich mit gro\u00dfer Freude und nun behandle ich bereits seit einigen Jahren (2015 bis jetzt) erfolgreich S\u00e4ngerinnen, Vielsprecherinnen und Menschen mit funktionellen Stimmproblemen, nehme an logop\u00e4dischen, zahnmedizinischen und interdisziplin\u00e4ren Treffen teil. Teinahme und Referentin am Gesangsp\u00e4dagogischen Symposium (2017), sowie an der Vortrags-und Gespr\u00e4chsrunde Stimmerkrankungen bei Schauspielern und S\u00e4ngern ( 2016). Dieser Austausch kommt meinen Patient*innen zu gute.<\/p>\n<\/div><\/div><style type=\"text\/css\">.fusion-body .fusion-builder-column-2{width:100% !important;margin-top : 0px;margin-bottom : 20px;}.fusion-builder-column-2 > .fusion-column-wrapper {padding-top : 0px !important;padding-right : 0px !important;margin-right : 1.92%;padding-bottom : 0px !important;padding-left : 0px !important;margin-left : 1.92%;}@media only screen and (max-width:1280px) {.fusion-body .fusion-builder-column-2{width:100% !important;order : 0;}.fusion-builder-column-2 > .fusion-column-wrapper {margin-right : 1.92%;margin-left : 1.92%;}}@media only screen and (max-width:780px) {.fusion-body .fusion-builder-column-2{width:100% !important;order : 0;}.fusion-builder-column-2 > .fusion-column-wrapper {margin-right : 1.92%;margin-left : 1.92%;}}<\/style><\/div><\/div><style type=\"text\/css\">.fusion-body .fusion-flex-container.fusion-builder-row-1{ padding-top : 0px;margin-top : 0px;padding-right : 0px;padding-bottom : 0px;margin-bottom : 0px;padding-left : 0px;}<\/style><\/div>\n","protected":false},"excerpt":{"rendered":"","protected":false},"author":1,"featured_media":0,"parent":0,"menu_order":0,"comment_status":"closed","ping_status":"closed","template":"100-width.php","meta":{"inline_featured_image":false,"footnotes":""},"class_list":["post-1483","page","type-page","status-publish","hentry"],"yoast_head":"<!-- This site is optimized with the Yoast SEO plugin v24.1 - https:\/\/yoast.com\/wordpress\/plugins\/seo\/ -->\n<title>Veronika Bruckner - MED4COM<\/title>\n<meta name=\"robots\" content=\"index, follow, max-snippet:-1, max-image-preview:large, max-video-preview:-1\" \/>\n<link rel=\"canonical\" href=\"https:\/\/med4com.at\/en\/veronika-bruckner-3\/\" \/>\n<meta property=\"og:locale\" content=\"en_US\" \/>\n<meta property=\"og:type\" content=\"article\" \/>\n<meta property=\"og:title\" content=\"Veronika Bruckner - MED4COM\" \/>\n<meta property=\"og:url\" content=\"https:\/\/med4com.at\/en\/veronika-bruckner-3\/\" \/>\n<meta property=\"og:site_name\" content=\"MED4COM\" \/>\n<meta property=\"article:modified_time\" content=\"2022-04-07T10:15:35+00:00\" \/>\n<meta name=\"twitter:card\" content=\"summary_large_image\" \/>\n<meta name=\"twitter:label1\" content=\"Est. reading time\" \/>\n\t<meta name=\"twitter:data1\" content=\"6 minutes\" \/>\n<script type=\"application\/ld+json\" class=\"yoast-schema-graph\">{\"@context\":\"https:\/\/schema.org\",\"@graph\":[{\"@type\":\"WebPage\",\"@id\":\"https:\/\/med4com.at\/en\/veronika-bruckner-3\/\",\"url\":\"https:\/\/med4com.at\/en\/veronika-bruckner-3\/\",\"name\":\"Veronika Bruckner - MED4COM\",\"isPartOf\":{\"@id\":\"https:\/\/med4com.at\/en\/#website\"},\"datePublished\":\"2022-04-07T10:10:14+00:00\",\"dateModified\":\"2022-04-07T10:15:35+00:00\",\"breadcrumb\":{\"@id\":\"https:\/\/med4com.at\/en\/veronika-bruckner-3\/#breadcrumb\"},\"inLanguage\":\"en-US\",\"potentialAction\":[{\"@type\":\"ReadAction\",\"target\":[\"https:\/\/med4com.at\/en\/veronika-bruckner-3\/\"]}]},{\"@type\":\"BreadcrumbList\",\"@id\":\"https:\/\/med4com.at\/en\/veronika-bruckner-3\/#breadcrumb\",\"itemListElement\":[{\"@type\":\"ListItem\",\"position\":1,\"name\":\"Startseite\",\"item\":\"https:\/\/med4com.at\/en\/\"},{\"@type\":\"ListItem\",\"position\":2,\"name\":\"Veronika Bruckner\"}]},{\"@type\":\"WebSite\",\"@id\":\"https:\/\/med4com.at\/en\/#website\",\"url\":\"https:\/\/med4com.at\/en\/\",\"name\":\"MED4COM\",\"description\":\"Ao.Univ. Prof. Dr. Berit Schneider-Stickler\",\"potentialAction\":[{\"@type\":\"SearchAction\",\"target\":{\"@type\":\"EntryPoint\",\"urlTemplate\":\"https:\/\/med4com.at\/en\/?s={search_term_string}\"},\"query-input\":{\"@type\":\"PropertyValueSpecification\",\"valueRequired\":true,\"valueName\":\"search_term_string\"}}],\"inLanguage\":\"en-US\"}]}<\/script>\n<!-- \/ Yoast SEO plugin. -->","yoast_head_json":{"title":"Veronika Bruckner - MED4COM","robots":{"index":"index","follow":"follow","max-snippet":"max-snippet:-1","max-image-preview":"max-image-preview:large","max-video-preview":"max-video-preview:-1"},"canonical":"https:\/\/med4com.at\/en\/veronika-bruckner-3\/","og_locale":"en_US","og_type":"article","og_title":"Veronika Bruckner - MED4COM","og_url":"https:\/\/med4com.at\/en\/veronika-bruckner-3\/","og_site_name":"MED4COM","article_modified_time":"2022-04-07T10:15:35+00:00","twitter_card":"summary_large_image","twitter_misc":{"Est. reading time":"6 minutes"},"schema":{"@context":"https:\/\/schema.org","@graph":[{"@type":"WebPage","@id":"https:\/\/med4com.at\/en\/veronika-bruckner-3\/","url":"https:\/\/med4com.at\/en\/veronika-bruckner-3\/","name":"Veronika Bruckner - MED4COM","isPartOf":{"@id":"https:\/\/med4com.at\/en\/#website"},"datePublished":"2022-04-07T10:10:14+00:00","dateModified":"2022-04-07T10:15:35+00:00","breadcrumb":{"@id":"https:\/\/med4com.at\/en\/veronika-bruckner-3\/#breadcrumb"},"inLanguage":"en-US","potentialAction":[{"@type":"ReadAction","target":["https:\/\/med4com.at\/en\/veronika-bruckner-3\/"]}]},{"@type":"BreadcrumbList","@id":"https:\/\/med4com.at\/en\/veronika-bruckner-3\/#breadcrumb","itemListElement":[{"@type":"ListItem","position":1,"name":"Startseite","item":"https:\/\/med4com.at\/en\/"},{"@type":"ListItem","position":2,"name":"Veronika Bruckner"}]},{"@type":"WebSite","@id":"https:\/\/med4com.at\/en\/#website","url":"https:\/\/med4com.at\/en\/","name":"MED4COM","description":"Ao.Univ. Prof. Dr. Berit Schneider-Stickler","potentialAction":[{"@type":"SearchAction","target":{"@type":"EntryPoint","urlTemplate":"https:\/\/med4com.at\/en\/?s={search_term_string}"},"query-input":{"@type":"PropertyValueSpecification","valueRequired":true,"valueName":"search_term_string"}}],"inLanguage":"en-US"}]}},"_links":{"self":[{"href":"https:\/\/med4com.at\/en\/wp-json\/wp\/v2\/pages\/1483","targetHints":{"allow":["GET"]}}],"collection":[{"href":"https:\/\/med4com.at\/en\/wp-json\/wp\/v2\/pages"}],"about":[{"href":"https:\/\/med4com.at\/en\/wp-json\/wp\/v2\/types\/page"}],"author":[{"embeddable":true,"href":"https:\/\/med4com.at\/en\/wp-json\/wp\/v2\/users\/1"}],"replies":[{"embeddable":true,"href":"https:\/\/med4com.at\/en\/wp-json\/wp\/v2\/comments?post=1483"}],"version-history":[{"count":3,"href":"https:\/\/med4com.at\/en\/wp-json\/wp\/v2\/pages\/1483\/revisions"}],"predecessor-version":[{"id":1486,"href":"https:\/\/med4com.at\/en\/wp-json\/wp\/v2\/pages\/1483\/revisions\/1486"}],"wp:attachment":[{"href":"https:\/\/med4com.at\/en\/wp-json\/wp\/v2\/media?parent=1483"}],"curies":[{"name":"wp","href":"https:\/\/api.w.org\/{rel}","templated":true}]}}