{"id":921,"date":"2021-11-23T17:14:19","date_gmt":"2021-11-23T16:14:19","guid":{"rendered":"https:\/\/med4com.at\/?page_id=921"},"modified":"2022-02-23T12:03:41","modified_gmt":"2022-02-23T11:03:41","slug":"impressum","status":"publish","type":"page","link":"https:\/\/med4com.at\/en\/impressum\/","title":{"rendered":"Impressum"},"content":{"rendered":"<div class=\"fusion-fullwidth fullwidth-box fusion-builder-row-1 fusion-flex-container nonhundred-percent-fullwidth non-hundred-percent-height-scrolling\" style=\"background-color: rgba(255,255,255,0);background-position: center center;background-repeat: no-repeat;border-width: 0px 0px 0px 0px;border-color:#eae9e9;border-style:solid;\" ><div class=\"fusion-builder-row fusion-row fusion-flex-align-items-flex-start\" style=\"max-width:1144px;margin-left: calc(-4% \/ 2 );margin-right: calc(-4% \/ 2 );\"><div class=\"fusion-layout-column fusion_builder_column fusion-builder-column-0 fusion_builder_column_1_1 1_1 fusion-flex-column\"><div class=\"fusion-column-wrapper fusion-flex-justify-content-flex-start fusion-content-layout-column\" style=\"background-position:left top;background-repeat:no-repeat;-webkit-background-size:cover;-moz-background-size:cover;-o-background-size:cover;background-size:cover;padding: 0px 0px 0px 0px;\"><div class=\"fusion-text fusion-text-1\"><h3><span style=\"color: #ae895d;\">F\u00fcr den Inhalt verantwortlich:<\/span><\/h3>\n<p><span style=\"color: #ffffff;\">Ao.Univ. Prof. Dr. Berit Schneider-Stickler ist als Inhaltsanbieter f\u00fcr die eigenen Inhalte, die es zur Nutzung bereith\u00e4lt, nach den allgemeinen Gesetzen verantwortlich. Von diesen eigenen Inhalten sind Querverweise (&#8220;Links&#8221;) auf die von anderen Anbietern bereitgehaltenen Inhalte zu unterscheiden. Diese fremden Inhalte stammen weder vom Betreiber, noch hat der Betreiber die M\u00f6glichkeit, den Inhalt von Seiten Dritter zu beeinflussen. Die Inhalte fremder Seiten, auf die www.med4com.at mittels Links hinweist, spiegeln nicht zwingend die Meinung von Ao.Univ. Prof. Dr. Berit Schneider-Stickler wieder, sondern dienen lediglich der Information und der Darstellung von Zusammenh\u00e4ngen.<\/span><\/p>\n<p><span style=\"color: #ffffff;\"><strong>Kontakt:<br \/><\/strong><a style=\"color: #ffffff;\" href=\"https:\/\/med4com.at\/kontakt\">https:\/\/med4com.at\/kontakt<\/a><\/span><\/p>\n<h3><span style=\"color: #ae895d;\">Haftungsausschluss:<\/span><\/h3>\n<p><span style=\"color: #ffffff;\">Ao.Univ. Prof. Dr. Berit Schneider-Stickler haftet nicht f\u00fcr fremde Inhalte, auf die es lediglich im oben genannten Sinne hinweist. Die Verantwortlichkeit liegt alleine bei dem Anbieter der Inhalte.<\/span><\/p>\n<p><span style=\"color: #ffffff;\">Alle Angaben unseres Online-Angebots wurden sorgf\u00e4ltig gepr\u00fcft. Wir bem\u00fchen uns, dieses Informationsangebot laufend zu erweitern und zu aktualisieren.<\/span><\/p>\n<p><span style=\"color: #ffffff;\">Im Hinblick auf die technischen Eigenschaften des Internet kann keine Gew\u00e4hr f\u00fcr die Authentizit\u00e4t, Richtigkeit und Vollst\u00e4ndigkeit der im Internet zur Verf\u00fcgung gestellten Informationen \u00fcbernommen werden. Es wird auch keine Gew\u00e4hr f\u00fcr die Verf\u00fcgbarkeit oder den Betrieb der gegenst\u00e4ndlichen Homepage und ihrer Inhalte \u00fcbernommen.<\/span><\/p>\n<p><span style=\"color: #ffffff;\">Jede Haftung f\u00fcr unmittelbare, mittelbare oder sonstige Sch\u00e4den, unabh\u00e4ngig von deren Ursachen, die aus der Benutzung oder Nichtverf\u00fcgbarkeit der Daten und Informationen dieser Homepage erwachsen, wird, soweit rechtlich zul\u00e4ssig, ausgeschlossen.<\/span><\/p>\n<p><span style=\"color: #ffffff;\">Haftungsanspr\u00fcche gegen Ao.Univ. Prof. Dr. Berit Schneider-Stickler, die sich auf Sch\u00e4den materieller oder ideeller Art beziehen, welche durch die Nutzung oder Nichtnutzung der dargebotenen Informationen bzw. durch die Nutzung fehlerhafter und unvollst\u00e4ndiger Informationen verursacht wurden, sind grunds\u00e4tzlich ausgeschlossen, sofern seitens von Ao.Univ. Prof. Dr. Berit Schneider-Stickler kein nachweislich vors\u00e4tzliches oder grob fahrl\u00e4ssiges Verschulden vorliegt.<\/span><\/p>\n<p><span style=\"color: #ffffff;\">Der Inhalt dieser Homepage ist urheberrechtlich gesch\u00fctzt. Die Informationen sind nur f\u00fcr die pers\u00f6nliche Verwendung bestimmt. Jede weitergehende Nutzung insbesondere die Speicherung in Datenbanken, Vervielf\u00e4ltigung und jede Form von gewerblicher Nutzung sowie die Weitergabe an Dritte &#8211; auch in Teilen oder in \u00fcberarbeiteter Form &#8211; ohne Zustimmung von Ao.Univ. Prof. Dr. Berit Schneider-Stickler ist untersagt.<\/span><\/p>\n<p><span style=\"color: #ffffff;\">Hyperlinks auf www.med4com.at sind willkommen. Jede Einbindung einzelner Seiten unseres Angebotes in fremde Frames ist zu unterlassen.<\/span><\/p>\n<h3><span style=\"color: #ae895d;\">Bilder Copyright:<\/span><\/h3>\n<p><span style=\"color: #ffffff;\">S\u00e4mtliche Bilder sind Urheberrechtlich gesch\u00fctzt, und d\u00fcrfen in keiner Art und Weise verwendet werden.<\/span><\/p>\n<\/div><\/div><style type=\"text\/css\">.fusion-body .fusion-builder-column-0{width:100% !important;margin-top : 0px;margin-bottom : 20px;}.fusion-builder-column-0 > .fusion-column-wrapper {padding-top : 0px !important;padding-right : 0px !important;margin-right : 1.92%;padding-bottom : 0px !important;padding-left : 0px !important;margin-left : 1.92%;}@media only screen and (max-width:1280px) {.fusion-body .fusion-builder-column-0{width:100% !important;order : 0;}.fusion-builder-column-0 > .fusion-column-wrapper {margin-right : 1.92%;margin-left : 1.92%;}}@media only screen and (max-width:780px) {.fusion-body .fusion-builder-column-0{width:100% !important;order : 0;}.fusion-builder-column-0 > .fusion-column-wrapper {margin-right : 1.92%;margin-left : 1.92%;}}<\/style><\/div><\/div><style type=\"text\/css\">.fusion-fullwidth.fusion-builder-row-1 a:not(.awb-custom-text-color):not(.fusion-button):not(.fusion-builder-module-control):not(.fusion-social-network-icon):not(.fb-icon-element):not(.fusion-countdown-link):not(.fusion-rollover-link):not(.fusion-rollover-gallery):not(.fusion-button-bar):not(.add_to_cart_button):not(.show_details_button):not(.product_type_external):not(.fusion-view-cart):not(.fusion-quick-view):not(.fusion-rollover-title-link):not(.fusion-breadcrumb-link) , .fusion-fullwidth.fusion-builder-row-1 a:not(.awb-custom-text-color):not(.fusion-button):not(.fusion-builder-module-control):not(.fusion-social-network-icon):not(.fb-icon-element):not(.fusion-countdown-link):not(.fusion-rollover-link):not(.fusion-rollover-gallery):not(.fusion-button-bar):not(.add_to_cart_button):not(.show_details_button):not(.product_type_external):not(.fusion-view-cart):not(.fusion-quick-view):not(.fusion-rollover-title-link):not(.fusion-breadcrumb-link):before, .fusion-fullwidth.fusion-builder-row-1 a:not(.awb-custom-text-color):not(.fusion-button):not(.fusion-builder-module-control):not(.fusion-social-network-icon):not(.fb-icon-element):not(.fusion-countdown-link):not(.fusion-rollover-link):not(.fusion-rollover-gallery):not(.fusion-button-bar):not(.add_to_cart_button):not(.show_details_button):not(.product_type_external):not(.fusion-view-cart):not(.fusion-quick-view):not(.fusion-rollover-title-link):not(.fusion-breadcrumb-link):after {color: #f44336;}.fusion-body .fusion-flex-container.fusion-builder-row-1{ padding-top : 0px;margin-top : 0px;padding-right : 0px;padding-bottom : 0px;margin-bottom : 0px;padding-left : 0px;}<\/style><\/div>\n","protected":false},"excerpt":{"rendered":"","protected":false},"author":1,"featured_media":0,"parent":0,"menu_order":0,"comment_status":"closed","ping_status":"closed","template":"","meta":{"inline_featured_image":false,"footnotes":""},"class_list":["post-921","page","type-page","status-publish","hentry"],"yoast_head":"<!-- This site is optimized with the Yoast SEO plugin v24.1 - https:\/\/yoast.com\/wordpress\/plugins\/seo\/ -->\n<title>Impressum - MED4COM<\/title>\n<meta name=\"robots\" content=\"index, follow, max-snippet:-1, max-image-preview:large, max-video-preview:-1\" \/>\n<link rel=\"canonical\" href=\"https:\/\/med4com.at\/en\/impressum\/\" \/>\n<meta property=\"og:locale\" content=\"en_US\" \/>\n<meta property=\"og:type\" content=\"article\" \/>\n<meta property=\"og:title\" content=\"Impressum - MED4COM\" \/>\n<meta property=\"og:url\" content=\"https:\/\/med4com.at\/en\/impressum\/\" \/>\n<meta property=\"og:site_name\" content=\"MED4COM\" \/>\n<meta property=\"article:modified_time\" content=\"2022-02-23T11:03:41+00:00\" \/>\n<meta name=\"twitter:card\" content=\"summary_large_image\" \/>\n<meta name=\"twitter:label1\" content=\"Est. reading time\" \/>\n\t<meta name=\"twitter:data1\" content=\"4 minutes\" \/>\n<script type=\"application\/ld+json\" class=\"yoast-schema-graph\">{\"@context\":\"https:\/\/schema.org\",\"@graph\":[{\"@type\":\"WebPage\",\"@id\":\"https:\/\/med4com.at\/en\/impressum\/\",\"url\":\"https:\/\/med4com.at\/en\/impressum\/\",\"name\":\"Impressum - MED4COM\",\"isPartOf\":{\"@id\":\"https:\/\/med4com.at\/en\/#website\"},\"datePublished\":\"2021-11-23T16:14:19+00:00\",\"dateModified\":\"2022-02-23T11:03:41+00:00\",\"breadcrumb\":{\"@id\":\"https:\/\/med4com.at\/en\/impressum\/#breadcrumb\"},\"inLanguage\":\"en-US\",\"potentialAction\":[{\"@type\":\"ReadAction\",\"target\":[\"https:\/\/med4com.at\/en\/impressum\/\"]}]},{\"@type\":\"BreadcrumbList\",\"@id\":\"https:\/\/med4com.at\/en\/impressum\/#breadcrumb\",\"itemListElement\":[{\"@type\":\"ListItem\",\"position\":1,\"name\":\"Startseite\",\"item\":\"https:\/\/med4com.at\/en\/\"},{\"@type\":\"ListItem\",\"position\":2,\"name\":\"Impressum\"}]},{\"@type\":\"WebSite\",\"@id\":\"https:\/\/med4com.at\/en\/#website\",\"url\":\"https:\/\/med4com.at\/en\/\",\"name\":\"MED4COM\",\"description\":\"Ao.Univ. Prof. Dr. Berit Schneider-Stickler\",\"potentialAction\":[{\"@type\":\"SearchAction\",\"target\":{\"@type\":\"EntryPoint\",\"urlTemplate\":\"https:\/\/med4com.at\/en\/?s={search_term_string}\"},\"query-input\":{\"@type\":\"PropertyValueSpecification\",\"valueRequired\":true,\"valueName\":\"search_term_string\"}}],\"inLanguage\":\"en-US\"}]}<\/script>\n<!-- \/ Yoast SEO plugin. -->","yoast_head_json":{"title":"Impressum - MED4COM","robots":{"index":"index","follow":"follow","max-snippet":"max-snippet:-1","max-image-preview":"max-image-preview:large","max-video-preview":"max-video-preview:-1"},"canonical":"https:\/\/med4com.at\/en\/impressum\/","og_locale":"en_US","og_type":"article","og_title":"Impressum - MED4COM","og_url":"https:\/\/med4com.at\/en\/impressum\/","og_site_name":"MED4COM","article_modified_time":"2022-02-23T11:03:41+00:00","twitter_card":"summary_large_image","twitter_misc":{"Est. reading time":"4 minutes"},"schema":{"@context":"https:\/\/schema.org","@graph":[{"@type":"WebPage","@id":"https:\/\/med4com.at\/en\/impressum\/","url":"https:\/\/med4com.at\/en\/impressum\/","name":"Impressum - MED4COM","isPartOf":{"@id":"https:\/\/med4com.at\/en\/#website"},"datePublished":"2021-11-23T16:14:19+00:00","dateModified":"2022-02-23T11:03:41+00:00","breadcrumb":{"@id":"https:\/\/med4com.at\/en\/impressum\/#breadcrumb"},"inLanguage":"en-US","potentialAction":[{"@type":"ReadAction","target":["https:\/\/med4com.at\/en\/impressum\/"]}]},{"@type":"BreadcrumbList","@id":"https:\/\/med4com.at\/en\/impressum\/#breadcrumb","itemListElement":[{"@type":"ListItem","position":1,"name":"Startseite","item":"https:\/\/med4com.at\/en\/"},{"@type":"ListItem","position":2,"name":"Impressum"}]},{"@type":"WebSite","@id":"https:\/\/med4com.at\/en\/#website","url":"https:\/\/med4com.at\/en\/","name":"MED4COM","description":"Ao.Univ. Prof. Dr. Berit Schneider-Stickler","potentialAction":[{"@type":"SearchAction","target":{"@type":"EntryPoint","urlTemplate":"https:\/\/med4com.at\/en\/?s={search_term_string}"},"query-input":{"@type":"PropertyValueSpecification","valueRequired":true,"valueName":"search_term_string"}}],"inLanguage":"en-US"}]}},"_links":{"self":[{"href":"https:\/\/med4com.at\/en\/wp-json\/wp\/v2\/pages\/921","targetHints":{"allow":["GET"]}}],"collection":[{"href":"https:\/\/med4com.at\/en\/wp-json\/wp\/v2\/pages"}],"about":[{"href":"https:\/\/med4com.at\/en\/wp-json\/wp\/v2\/types\/page"}],"author":[{"embeddable":true,"href":"https:\/\/med4com.at\/en\/wp-json\/wp\/v2\/users\/1"}],"replies":[{"embeddable":true,"href":"https:\/\/med4com.at\/en\/wp-json\/wp\/v2\/comments?post=921"}],"version-history":[{"count":4,"href":"https:\/\/med4com.at\/en\/wp-json\/wp\/v2\/pages\/921\/revisions"}],"predecessor-version":[{"id":1294,"href":"https:\/\/med4com.at\/en\/wp-json\/wp\/v2\/pages\/921\/revisions\/1294"}],"wp:attachment":[{"href":"https:\/\/med4com.at\/en\/wp-json\/wp\/v2\/media?parent=921"}],"curies":[{"name":"wp","href":"https:\/\/api.w.org\/{rel}","templated":true}]}}